{"id":18,"date":"2023-11-22T13:35:59","date_gmt":"2023-11-22T12:35:59","guid":{"rendered":"https:\/\/dengraracing.com\/?page_id=18"},"modified":"2024-01-29T13:35:19","modified_gmt":"2024-01-29T12:35:19","slug":"portofolio","status":"publish","type":"page","link":"https:\/\/dengraracing.com\/index.php\/portofolio\/","title":{"rendered":"Formaci\u00f3n"},"content":{"rendered":"\n<div class=\"wp-block-cover alignfull is-light\" style=\"min-height:300px\"><span aria-hidden=\"true\" class=\"wp-block-cover__background has-nv-site-bg-background-color has-background-dim-100 has-background-dim\"><\/span><div class=\"wp-block-cover__inner-container is-layout-flow wp-block-cover-is-layout-flow\">\n<div class=\"wp-block-group is-layout-flow wp-block-group-is-layout-flow\"><div class=\"wp-block-group__inner-container\">\n<h1 class=\"wp-block-heading has-text-align-left has-neve-text-color-color has-text-color\">Formaci\u00f3n<\/h1>\n<\/div><\/div>\n<\/div><\/div>\n\n\n\n<div class=\"wp-block-cover alignfull is-light\" style=\"min-height:1073px\"><span aria-hidden=\"true\" class=\"wp-block-cover__background has-nv-light-bg-background-color has-background-dim-100 has-background-dim\"><\/span><div class=\"wp-block-cover__inner-container is-layout-flow wp-block-cover-is-layout-flow\">\n<div class=\"wp-block-group is-layout-flow wp-block-group-is-layout-flow\"><div class=\"wp-block-group__inner-container\">\n<div style=\"height:80px\" aria-hidden=\"true\" class=\"wp-block-spacer\"><\/div>\n\n\n\n<div class=\"wp-block-columns are-vertically-aligned-center is-layout-flex wp-container-core-columns-layout-1 wp-block-columns-is-layout-flex\">\n<div class=\"wp-block-column is-vertically-aligned-center is-layout-flow wp-block-column-is-layout-flow\" style=\"flex-basis:50%\">\n<figure class=\"wp-block-image size-large is-resized\"><img fetchpriority=\"high\" decoding=\"async\" width=\"1024\" height=\"683\" src=\"https:\/\/dengraracing.com\/wp-content\/uploads\/2024\/01\/foto-nuestro-metodo-1024x683.jpeg\" alt=\"\" class=\"wp-image-248\" style=\"width:654px;height:auto\" srcset=\"https:\/\/dengraracing.com\/wp-content\/uploads\/2024\/01\/foto-nuestro-metodo-1024x683.jpeg 1024w, https:\/\/dengraracing.com\/wp-content\/uploads\/2024\/01\/foto-nuestro-metodo-300x200.jpeg 300w, https:\/\/dengraracing.com\/wp-content\/uploads\/2024\/01\/foto-nuestro-metodo-768x512.jpeg 768w, https:\/\/dengraracing.com\/wp-content\/uploads\/2024\/01\/foto-nuestro-metodo-930x620.jpeg 930w, https:\/\/dengraracing.com\/wp-content\/uploads\/2024\/01\/foto-nuestro-metodo.jpeg 1499w\" sizes=\"(max-width: 1024px) 100vw, 1024px\" \/><\/figure>\n\n\n\n<div style=\"height:24px\" aria-hidden=\"true\" class=\"wp-block-spacer\"><\/div>\n\n\n\n<h3 class=\"wp-block-heading has-text-align-center has-neve-text-color-color has-text-color\">Nuestro m\u00e9todo<\/h3>\n\n\n\n<p class=\"has-text-align-center has-neve-text-color-color has-text-color has-link-color wp-elements-0e67fe3a9d8e4484f08fcaaa9f2cf32b\">El \u00e9xito reside en la obtenci\u00f3n de unos conocimientos te\u00f3ricos, pero basando la parte pr\u00e1ctica como principal. El curso cuenta con 820 horas y se obtiene una titulaci\u00f3n de mec\u00e1nico de motos al terminar.<\/p>\n\n\n\n<div class=\"wp-block-buttons is-content-justification-center is-layout-flex wp-container-core-buttons-layout-1 wp-block-buttons-is-layout-flex\">\n<div class=\"wp-block-button is-style-primary\"><a class=\"wp-block-button__link wp-element-button\" href=\"#\">NUESTRO M\u00c9TODO<\/a><\/div>\n<\/div>\n\n\n\n<div style=\"height:40px\" aria-hidden=\"true\" class=\"wp-block-spacer\"><\/div>\n<\/div>\n\n\n\n<div class=\"wp-block-column is-vertically-aligned-center is-layout-flow wp-block-column-is-layout-flow\" style=\"flex-basis:50%\">\n<figure class=\"wp-block-image size-full\"><img decoding=\"async\" width=\"868\" height=\"651\" src=\"http:\/\/dengraracing.com\/wp-content\/uploads\/2023\/11\/image_6483441-2.jpg\" alt=\"\" class=\"wp-image-93\" srcset=\"https:\/\/dengraracing.com\/wp-content\/uploads\/2023\/11\/image_6483441-2.jpg 868w, https:\/\/dengraracing.com\/wp-content\/uploads\/2023\/11\/image_6483441-2-300x225.jpg 300w, https:\/\/dengraracing.com\/wp-content\/uploads\/2023\/11\/image_6483441-2-768x576.jpg 768w\" sizes=\"(max-width: 868px) 100vw, 868px\" \/><\/figure>\n\n\n\n<div style=\"height:24px\" aria-hidden=\"true\" class=\"wp-block-spacer\"><\/div>\n\n\n\n<h3 class=\"wp-block-heading has-text-align-center has-neve-text-color-color has-text-color\">Curso<\/h3>\n\n\n\n<p class=\"has-text-align-center has-neve-text-color-color has-text-color has-link-color wp-elements-b5eb603a1d8bd7207733b6bbd7482a68\">El objetivo principal de nuestro curso es conseguir que nuestros alumnos sean capaces de obtener una cualificaci\u00f3n total para el desarrollo del oficio de mec\u00e1nico de motos partiendo desde cero.<\/p>\n\n\n\n<div class=\"wp-block-buttons is-content-justification-center is-layout-flex wp-container-core-buttons-layout-2 wp-block-buttons-is-layout-flex\">\n<div class=\"wp-block-button is-style-primary\"><a class=\"wp-block-button__link wp-element-button\" href=\"#\">PLAN DE ESTUDIOS<\/a><\/div>\n<\/div>\n\n\n\n<div style=\"height:40px\" aria-hidden=\"true\" class=\"wp-block-spacer\"><\/div>\n<\/div>\n<\/div>\n<\/div><\/div>\n<\/div><\/div>\n\n\n\n<div class=\"wp-block-cover alignfull is-light\" style=\"min-height:600px\"><span aria-hidden=\"true\" class=\"wp-block-cover__background has-nv-site-bg-background-color has-background-dim-100 has-background-dim\"><\/span><div class=\"wp-block-cover__inner-container is-layout-flow wp-block-cover-is-layout-flow\">\n<div class=\"wp-block-group is-layout-flow wp-block-group-is-layout-flow\"><div class=\"wp-block-group__inner-container\">\n<div style=\"height:80px\" aria-hidden=\"true\" class=\"wp-block-spacer\"><\/div>\n\n\n\n<div class=\"wp-block-columns are-vertically-aligned-center is-layout-flex wp-container-core-columns-layout-2 wp-block-columns-is-layout-flex\">\n<div class=\"wp-block-column is-vertically-aligned-center is-layout-flow wp-block-column-is-layout-flow\" style=\"flex-basis:100%\"><div class=\"wp-block-image\">\n<figure class=\"aligncenter size-large is-resized\"><img decoding=\"async\" width=\"1024\" height=\"683\" src=\"https:\/\/dengraracing.com\/wp-content\/uploads\/2024\/01\/foto-inscripicion-1024x683.jpeg\" alt=\"\" class=\"wp-image-250\" style=\"width:597px;height:auto\" srcset=\"https:\/\/dengraracing.com\/wp-content\/uploads\/2024\/01\/foto-inscripicion-1024x683.jpeg 1024w, https:\/\/dengraracing.com\/wp-content\/uploads\/2024\/01\/foto-inscripicion-300x200.jpeg 300w, https:\/\/dengraracing.com\/wp-content\/uploads\/2024\/01\/foto-inscripicion-768x512.jpeg 768w, https:\/\/dengraracing.com\/wp-content\/uploads\/2024\/01\/foto-inscripicion-930x620.jpeg 930w, https:\/\/dengraracing.com\/wp-content\/uploads\/2024\/01\/foto-inscripicion.jpeg 1499w\" sizes=\"(max-width: 1024px) 100vw, 1024px\" \/><\/figure><\/div>\n\n\n<div style=\"height:24px\" aria-hidden=\"true\" class=\"wp-block-spacer\"><\/div>\n\n\n\n<h3 class=\"wp-block-heading has-text-align-center has-neve-text-color-color has-text-color\">INSCRIPCIONES<\/h3>\n\n\n\n<p class=\"has-text-align-center has-neve-text-color-color has-text-color\">La matr\u00edcula tiene un valor de 150\u20ac, incluye el material escolar, las tasas y el seguro escolar. La cuota mensual es de 250\u20ac y el m\u00e1ximo de alumnos admitidos ser\u00e1 de 10, elegidos por orden de inscripci\u00f3n. El plazo de inscripci\u00f3n finaliza el d\u00eda 10 de junio y para las matr\u00edculas posteriores se aplicar\u00e1 un recargo del 10% de la cuota del mes.<\/p>\n\n\n\n<div class=\"wp-block-buttons is-content-justification-center is-layout-flex wp-container-core-buttons-layout-3 wp-block-buttons-is-layout-flex\">\n<div class=\"wp-block-button is-style-primary\"><a class=\"wp-block-button__link wp-element-button\" href=\"#\">MATRICULACI\u00d3N<\/a><\/div>\n<\/div>\n\n\n\n<div style=\"height:40px\" aria-hidden=\"true\" class=\"wp-block-spacer\"><\/div>\n<\/div>\n<\/div>\n\n\n\n<div style=\"height:40px\" aria-hidden=\"true\" class=\"wp-block-spacer\"><\/div>\n<\/div><\/div>\n<\/div><\/div>\n","protected":false},"excerpt":{"rendered":"","protected":false},"author":1,"featured_media":0,"parent":0,"menu_order":0,"comment_status":"closed","ping_status":"closed","template":"","meta":{"om_disable_all_campaigns":false,"_monsterinsights_skip_tracking":false,"_monsterinsights_sitenote_active":false,"_monsterinsights_sitenote_note":"","_monsterinsights_sitenote_category":0,"_uf_show_specific_survey":0,"_uf_disable_surveys":false,"neve_meta_sidebar":"","neve_meta_container":"","neve_meta_enable_content_width":"on","neve_meta_content_width":100,"neve_meta_title_alignment":"","neve_meta_author_avatar":"","neve_post_elements_order":"","neve_meta_disable_header":"","neve_meta_disable_footer":"","neve_meta_disable_title":"on","footnotes":""},"aioseo_notices":[],"_links":{"self":[{"href":"https:\/\/dengraracing.com\/index.php\/wp-json\/wp\/v2\/pages\/18"}],"collection":[{"href":"https:\/\/dengraracing.com\/index.php\/wp-json\/wp\/v2\/pages"}],"about":[{"href":"https:\/\/dengraracing.com\/index.php\/wp-json\/wp\/v2\/types\/page"}],"author":[{"embeddable":true,"href":"https:\/\/dengraracing.com\/index.php\/wp-json\/wp\/v2\/users\/1"}],"replies":[{"embeddable":true,"href":"https:\/\/dengraracing.com\/index.php\/wp-json\/wp\/v2\/comments?post=18"}],"version-history":[{"count":13,"href":"https:\/\/dengraracing.com\/index.php\/wp-json\/wp\/v2\/pages\/18\/revisions"}],"predecessor-version":[{"id":251,"href":"https:\/\/dengraracing.com\/index.php\/wp-json\/wp\/v2\/pages\/18\/revisions\/251"}],"wp:attachment":[{"href":"https:\/\/dengraracing.com\/index.php\/wp-json\/wp\/v2\/media?parent=18"}],"curies":[{"name":"wp","href":"https:\/\/api.w.org\/{rel}","templated":true}]}}